{"id":2,"date":"2024-12-23T09:47:07","date_gmt":"2024-12-23T08:47:07","guid":{"rendered":"http:\/\/www.tecnoinduzione.com\/?page_id=2"},"modified":"2025-01-31T11:20:49","modified_gmt":"2025-01-31T10:20:49","slug":"home","status":"publish","type":"page","link":"https:\/\/www.tecnoinduzione.com\/it\/","title":{"rendered":"Home"},"content":{"rendered":"<p>[et_pb_section fb_built=&#8221;1&#8243; _builder_version=&#8221;4.27.4&#8243; _module_preset=&#8221;default&#8221; global_colors_info=&#8221;{}&#8221;][et_pb_row _builder_version=&#8221;4.27.4&#8243; _module_preset=&#8221;default&#8221; global_colors_info=&#8221;{}&#8221;][et_pb_column type=&#8221;4_4&#8243; _builder_version=&#8221;4.27.4&#8243; _module_preset=&#8221;default&#8221; global_colors_info=&#8221;{}&#8221;][et_pb_image src=&#8221;http:\/\/www.tecnoinduzione.com\/wp-content\/uploads\/2024\/12\/made_in_italy.png&#8221; alt=&#8221;made_in_italy&#8221; title_text=&#8221;made_in_italy&#8221; align=&#8221;right&#8221; _builder_version=&#8221;4.27.4&#8243; _module_preset=&#8221;default&#8221; global_colors_info=&#8221;{}&#8221;][\/et_pb_image][et_pb_slider use_bg_overlay=&#8221;off&#8221; use_text_overlay=&#8221;on&#8221; _builder_version=&#8221;4.27.4&#8243; _module_preset=&#8221;default&#8221; auto=&#8221;on&#8221; header_text_shadow_style=&#8221;preset1&#8243; global_colors_info=&#8221;{}&#8221;][et_pb_slide heading=&#8221;SOLUZIONI PER L\u2019AUTOMATIZZAZIONE DEI PROCESSI&#8221; use_bg_overlay=&#8221;off&#8221; use_text_overlay=&#8221;on&#8221; _builder_version=&#8221;4.27.4&#8243; _module_preset=&#8221;default&#8221; background_enable_color=&#8221;off&#8221; background_image=&#8221;http:\/\/www.tecnoinduzione.com\/wp-content\/uploads\/2024\/12\/robot.jpg&#8221; background_enable_image=&#8221;on&#8221; text_shadow_style=&#8221;preset1&#8243; global_colors_info=&#8221;{}&#8221; sticky_transition=&#8221;on&#8221;][\/et_pb_slide][et_pb_slide heading=&#8221;CONTROLLO COSTANTE DEI PARAMETRI DI PROCESSO&#8221; _builder_version=&#8221;4.27.4&#8243; _module_preset=&#8221;default&#8221; background_image=&#8221;http:\/\/www.tecnoinduzione.com\/wp-content\/uploads\/2024\/12\/fusione-a-liquido.jpg&#8221; background_enable_image=&#8221;on&#8221; global_colors_info=&#8221;{}&#8221; sticky_transition=&#8221;on&#8221;][\/et_pb_slide][et_pb_slide heading=&#8221;IMPIANTI AUTOMATICI DI TRATTAMENTO TERMICO&#8221; _builder_version=&#8221;4.27.4&#8243; _module_preset=&#8221;default&#8221; background_image=&#8221;http:\/\/www.tecnoinduzione.com\/wp-content\/uploads\/2024\/12\/impianti-automatici.jpg&#8221; background_enable_image=&#8221;on&#8221; global_colors_info=&#8221;{}&#8221; sticky_transition=&#8221;on&#8221;][\/et_pb_slide][et_pb_slide heading=&#8221;SUPERVISIONE COMPUTERIZZATA DEL CICLO DI LAVORO&#8221; _builder_version=&#8221;4.27.4&#8243; _module_preset=&#8221;default&#8221; background_image=&#8221;http:\/\/www.tecnoinduzione.com\/wp-content\/uploads\/2024\/12\/parametri-macchina.jpg&#8221; background_enable_image=&#8221;on&#8221; global_colors_info=&#8221;{}&#8221; sticky_transition=&#8221;on&#8221;][\/et_pb_slide][et_pb_slide heading=&#8221;TECNOLOGIE PER IL RISCALDO A INDUZIONE&#8221; _builder_version=&#8221;4.27.4&#8243; _module_preset=&#8221;default&#8221; background_image=&#8221;http:\/\/www.tecnoinduzione.com\/wp-content\/uploads\/2024\/12\/tecnologie-per-il-riscaldo-a-induzione.jpg&#8221; background_enable_image=&#8221;on&#8221; global_colors_info=&#8221;{}&#8221; sticky_transition=&#8221;on&#8221;][\/et_pb_slide][et_pb_slide heading=&#8221;PROGETTI SU MISURA PER LE VOSTRE ASPETTATIVE&#8221; _builder_version=&#8221;4.27.4&#8243; _module_preset=&#8221;default&#8221; background_image=&#8221;http:\/\/www.tecnoinduzione.com\/wp-content\/uploads\/2024\/12\/raffreddamento-macchina.jpg&#8221; background_enable_image=&#8221;on&#8221; global_colors_info=&#8221;{}&#8221; sticky_transition=&#8221;on&#8221;][\/et_pb_slide][et_pb_slide heading=&#8221;UNIT\u00c0 AUTOMATICHE INTEGRATE DI CONTROLLO QUALIT\u00c0&#8221; _builder_version=&#8221;4.27.4&#8243; _module_preset=&#8221;default&#8221; background_image=&#8221;http:\/\/www.tecnoinduzione.com\/wp-content\/uploads\/2024\/12\/unita-integrate-controllo-qualita.jpg&#8221; background_enable_image=&#8221;on&#8221; global_colors_info=&#8221;{}&#8221; sticky_transition=&#8221;on&#8221;][\/et_pb_slide][\/et_pb_slider][et_pb_gallery gallery_ids=&#8221;90,85,89,87,81,78,82&#8243; fullwidth=&#8221;on&#8221; _builder_version=&#8221;4.27.4&#8243; _module_preset=&#8221;default&#8221; global_colors_info=&#8221;{}&#8221;][\/et_pb_gallery][\/et_pb_column][\/et_pb_row][et_pb_row column_structure=&#8221;1_5,1_5,1_5,1_5,1_5&#8243; _builder_version=&#8221;4.27.4&#8243; _module_preset=&#8221;default&#8221; global_colors_info=&#8221;{}&#8221; locked=&#8221;off&#8221; make_equal=&#8221;on&#8221; width=&#8221;85%&#8221; max_width=&#8221;1559px&#8221; max_width_last_edited=&#8221;on|phone&#8221; hover_enabled=&#8221;0&#8243; sticky_enabled=&#8221;0&#8243; width_last_edited=&#8221;on|phone&#8221; max_width_tablet=&#8221;1559px&#8221; max_width_phone=&#8221;1559px&#8221; width_tablet=&#8221;85%&#8221; width_phone=&#8221;85%&#8221;][et_pb_column type=&#8221;1_5&#8243; _builder_version=&#8221;4.27.4&#8243; _module_preset=&#8221;default&#8221; global_colors_info=&#8221;{}&#8221; theme_builder_area=&#8221;post_content&#8221;][et_pb_blurb title=&#8221;Trattamenti Termici&#8221; image=&#8221;http:\/\/www.tecnoinduzione.com\/wp-content\/uploads\/2024\/12\/impianti-e-induttori.png&#8221; image_icon_width=&#8221;200px&#8221; content_max_width=&#8221;100%&#8221; icon_placement_tablet=&#8221;left&#8221; icon_placement_phone=&#8221;top&#8221; icon_placement_last_edited=&#8221;on|tablet&#8221; image_icon_width_tablet=&#8221;48px&#8221; image_icon_width_phone=&#8221;200px&#8221; image_icon_width_last_edited=&#8221;on|phone&#8221; _builder_version=&#8221;4.27.4&#8243; _dynamic_attributes=&#8221;link_option_url&#8221; header_font=&#8221;Exo 2|600|||||||&#8221; header_text_color=&#8221;#001955&#8243; body_font=&#8221;PT Sans||||||||&#8221; image_icon_custom_padding_tablet=&#8221;&#8221; image_icon_custom_padding_phone=&#8221;&#8221; image_icon_custom_padding_last_edited=&#8221;on|tablet&#8221; custom_margin=&#8221;||20px||false|false&#8221; animation=&#8221;off&#8221; link_option_url=&#8221;@ET-DC@eyJkeW5hbWljIjp0cnVlLCJjb250ZW50IjoicG9zdF9saW5rX3VybF9wYWdlIiwic2V0dGluZ3MiOnsicG9zdF9pZCI6IjE3MyJ9fQ==@&#8221; hover_enabled=&#8221;0&#8243; border_width_all_image_tablet=&#8221;&#8221; border_width_all_image_phone=&#8221;&#8221; border_width_all_image_last_edited=&#8221;on|tablet&#8221; image_max_width=&#8221;96px&#8221; image_max_width_tablet=&#8221;48px&#8221; image_max_width_phone=&#8221;32px&#8221; image_max_width_last_edited=&#8221;on|phone&#8221; locked=&#8221;off&#8221; global_colors_info=&#8221;{}&#8221; theme_builder_area=&#8221;post_content&#8221; sticky_enabled=&#8221;0&#8243; text_orientation=&#8221;center&#8221; text_orientation_last_edited=&#8221;on|phone&#8221; text_orientation_tablet=&#8221;center&#8221; text_orientation_phone=&#8221;center&#8221;]<\/p>\n<p><span>impianti e induttori<\/span><\/p>\n<p>[\/et_pb_blurb][\/et_pb_column][et_pb_column type=&#8221;1_5&#8243; _builder_version=&#8221;4.27.4&#8243; _module_preset=&#8221;default&#8221; global_colors_info=&#8221;{}&#8221; theme_builder_area=&#8221;post_content&#8221;][et_pb_blurb title=&#8221;Saldobrasatura&#8221; image=&#8221;http:\/\/www.tecnoinduzione.com\/wp-content\/uploads\/2024\/12\/saldobrasatura.jpg&#8221; image_icon_width=&#8221;200px&#8221; content_max_width=&#8221;100%&#8221; icon_placement_tablet=&#8221;left&#8221; icon_placement_phone=&#8221;top&#8221; icon_placement_last_edited=&#8221;on|tablet&#8221; image_icon_width_tablet=&#8221;48px&#8221; image_icon_width_phone=&#8221;200px&#8221; image_icon_width_last_edited=&#8221;on|phone&#8221; _builder_version=&#8221;4.27.4&#8243; _dynamic_attributes=&#8221;link_option_url&#8221; header_font=&#8221;Exo 2|600|||||||&#8221; header_text_color=&#8221;#001955&#8243; body_font=&#8221;PT Sans||||||||&#8221; custom_margin=&#8221;||20px||false|false&#8221; animation=&#8221;off&#8221; link_option_url=&#8221;@ET-DC@eyJkeW5hbWljIjp0cnVlLCJjb250ZW50IjoicG9zdF9saW5rX3VybF9wYWdlIiwic2V0dGluZ3MiOnsicG9zdF9pZCI6IjIyNSJ9fQ==@&#8221; image_max_width=&#8221;96px&#8221; image_max_width_tablet=&#8221;48px&#8221; image_max_width_phone=&#8221;32px&#8221; image_max_width_last_edited=&#8221;on|phone&#8221; locked=&#8221;off&#8221; global_colors_info=&#8221;{}&#8221; theme_builder_area=&#8221;post_content&#8221; text_orientation=&#8221;center&#8221; text_orientation_last_edited=&#8221;on|phone&#8221; hover_enabled=&#8221;0&#8243; sticky_enabled=&#8221;0&#8243; text_orientation_tablet=&#8221;center&#8221; text_orientation_phone=&#8221;center&#8221;]<\/p>\n<p><span>tecnologie e impianti<\/span><\/p>\n<p>[\/et_pb_blurb][\/et_pb_column][et_pb_column type=&#8221;1_5&#8243; _builder_version=&#8221;4.27.4&#8243; _module_preset=&#8221;default&#8221; global_colors_info=&#8221;{}&#8221; theme_builder_area=&#8221;post_content&#8221;][et_pb_blurb title=&#8221;Fusione e Ricalcatura&#8221; image=&#8221;http:\/\/www.tecnoinduzione.com\/wp-content\/uploads\/2024\/12\/fusione-ricalcatura.jpg&#8221; image_icon_width=&#8221;200px&#8221; content_max_width=&#8221;100%&#8221; icon_placement_tablet=&#8221;left&#8221; icon_placement_phone=&#8221;top&#8221; icon_placement_last_edited=&#8221;on|tablet&#8221; image_icon_width_tablet=&#8221;48px&#8221; image_icon_width_phone=&#8221;200px&#8221; image_icon_width_last_edited=&#8221;on|phone&#8221; _builder_version=&#8221;4.27.4&#8243; _dynamic_attributes=&#8221;link_option_url&#8221; header_font=&#8221;Exo 2|600|||||||&#8221; header_text_color=&#8221;#001955&#8243; body_font=&#8221;PT Sans||||||||&#8221; custom_margin=&#8221;||20px||false|false&#8221; animation=&#8221;off&#8221; link_option_url=&#8221;@ET-DC@eyJkeW5hbWljIjp0cnVlLCJjb250ZW50IjoicG9zdF9saW5rX3VybF9wYWdlIiwic2V0dGluZ3MiOnsicG9zdF9pZCI6IjIxNyJ9fQ==@&#8221; image_max_width=&#8221;96px&#8221; image_max_width_tablet=&#8221;48px&#8221; image_max_width_phone=&#8221;32px&#8221; image_max_width_last_edited=&#8221;on|phone&#8221; locked=&#8221;off&#8221; global_colors_info=&#8221;{}&#8221; theme_builder_area=&#8221;post_content&#8221; text_orientation=&#8221;center&#8221; text_orientation_last_edited=&#8221;on|phone&#8221; hover_enabled=&#8221;0&#8243; sticky_enabled=&#8221;0&#8243; text_orientation_tablet=&#8221;center&#8221; text_orientation_phone=&#8221;center&#8221;]<\/p>\n<p><span>metalli preziosi e ricalcatura ferro battuto<\/span><\/p>\n<p>[\/et_pb_blurb][\/et_pb_column][et_pb_column type=&#8221;1_5&#8243; _builder_version=&#8221;4.27.4&#8243; _module_preset=&#8221;default&#8221; global_colors_info=&#8221;{}&#8221; theme_builder_area=&#8221;post_content&#8221;][et_pb_blurb title=&#8221;Controllo Processo&#8221; image=&#8221;http:\/\/www.tecnoinduzione.com\/wp-content\/uploads\/2024\/12\/controllo-e-processo.png&#8221; image_icon_width=&#8221;200px&#8221; content_max_width=&#8221;100%&#8221; icon_placement_tablet=&#8221;left&#8221; icon_placement_phone=&#8221;top&#8221; icon_placement_last_edited=&#8221;on|tablet&#8221; image_icon_width_tablet=&#8221;48px&#8221; image_icon_width_phone=&#8221;200px&#8221; image_icon_width_last_edited=&#8221;on|phone&#8221; _builder_version=&#8221;4.27.4&#8243; _dynamic_attributes=&#8221;link_option_url&#8221; header_font=&#8221;Exo 2|600|||||||&#8221; header_text_color=&#8221;#001955&#8243; body_font=&#8221;PT Sans||||||||&#8221; custom_margin=&#8221;||20px||false|false&#8221; animation=&#8221;off&#8221; link_option_url=&#8221;@ET-DC@eyJkeW5hbWljIjp0cnVlLCJjb250ZW50IjoicG9zdF9saW5rX3VybF9wYWdlIiwic2V0dGluZ3MiOnsicG9zdF9pZCI6IjIzNSJ9fQ==@&#8221; image_max_width=&#8221;96px&#8221; image_max_width_tablet=&#8221;48px&#8221; image_max_width_phone=&#8221;32px&#8221; image_max_width_last_edited=&#8221;on|phone&#8221; locked=&#8221;off&#8221; global_colors_info=&#8221;{}&#8221; theme_builder_area=&#8221;post_content&#8221; text_orientation=&#8221;center&#8221; text_orientation_last_edited=&#8221;on|phone&#8221; hover_enabled=&#8221;0&#8243; sticky_enabled=&#8221;0&#8243; text_orientation_tablet=&#8221;center&#8221; text_orientation_phone=&#8221;center&#8221;]<\/p>\n<p><span>apparecchi e sistemi di controllo<\/span><\/p>\n<p>[\/et_pb_blurb][\/et_pb_column][et_pb_column type=&#8221;1_5&#8243; _builder_version=&#8221;4.27.4&#8243; _module_preset=&#8221;default&#8221; global_colors_info=&#8221;{}&#8221; theme_builder_area=&#8221;post_content&#8221;][et_pb_blurb title=&#8221;Generatori \/ Convertitori&#8221; image=&#8221;http:\/\/www.tecnoinduzione.com\/wp-content\/uploads\/2024\/12\/generatori-convertitori.jpg&#8221; image_icon_width=&#8221;200px&#8221; content_max_width=&#8221;100%&#8221; icon_placement_tablet=&#8221;left&#8221; icon_placement_last_edited=&#8221;on|tablet&#8221; image_icon_width_tablet=&#8221;48px&#8221; image_icon_width_phone=&#8221;200px&#8221; image_icon_width_last_edited=&#8221;on|phone&#8221; _builder_version=&#8221;4.27.4&#8243; _dynamic_attributes=&#8221;link_option_url&#8221; header_font=&#8221;Exo 2|600|||||||&#8221; header_text_color=&#8221;#001955&#8243; body_font=&#8221;PT Sans||||||||&#8221; custom_margin=&#8221;||20px||false|false&#8221; animation=&#8221;off&#8221; link_option_url=&#8221;@ET-DC@eyJkeW5hbWljIjp0cnVlLCJjb250ZW50IjoicG9zdF9saW5rX3VybF9wYWdlIiwic2V0dGluZ3MiOnsicG9zdF9pZCI6IjI0OCJ9fQ==@&#8221; image_max_width=&#8221;96px&#8221; image_max_width_tablet=&#8221;48px&#8221; image_max_width_phone=&#8221;32px&#8221; image_max_width_last_edited=&#8221;on|phone&#8221; locked=&#8221;off&#8221; global_colors_info=&#8221;{}&#8221; theme_builder_area=&#8221;post_content&#8221; text_orientation=&#8221;center&#8221; text_orientation_last_edited=&#8221;on|phone&#8221; icon_placement_phone=&#8221;top&#8221; hover_enabled=&#8221;0&#8243; sticky_enabled=&#8221;0&#8243; text_orientation_tablet=&#8221;center&#8221; text_orientation_phone=&#8221;center&#8221;]<\/p>\n<p><span>potenza 30 \u2013 1500 kW<\/span><br \/><span>frequenza 1 \u2013 300 kHz<\/span><\/p>\n<p>[\/et_pb_blurb][\/et_pb_column][\/et_pb_row][\/et_pb_section]<\/p>\n","protected":false},"excerpt":{"rendered":"<p>impianti e induttoritecnologie e impiantimetalli preziosi e ricalcatura ferro battutoapparecchi e sistemi di controllopotenza 30 \u2013 1500 kWfrequenza 1 \u2013 300 kHz<\/p>\n","protected":false},"author":1,"featured_media":0,"parent":0,"menu_order":0,"comment_status":"closed","ping_status":"closed","template":"","meta":{"_et_pb_use_builder":"on","_et_pb_old_content":"<!-- wp:paragraph -->\r\n<p>Questa \u00e8 una pagina di esempio. Differisce da un articolo di un blog perch\u00e9 rimane sempre allo stesso posto e (in molti temi) appare nel menu di navigazione. Molte persone iniziano con una pagina di Informazioni che li presentano ai visitatori del sito. Potrebbe apparire una presentazione del tipo:<\/p>\r\n<!-- \/wp:paragraph --><!-- wp:quote -->\r\n<blockquote class=\"wp-block-quote\">\r\n<p>Ciao! Sono un fattorino ciclista di giorno, aspirante attore di notte e questo \u00e8 il mio sito web. Vivo a Los Angeles, ho un grande cane di nome Jack e mi piace la pi\u00f1a colada. (E prendere la pioggia)<\/p>\r\n<\/blockquote>\r\n<!-- \/wp:quote --><!-- wp:paragraph -->\r\n<p>...o qualcosa di simile:<\/p>\r\n<!-- \/wp:paragraph --><!-- wp:quote -->\r\n<blockquote class=\"wp-block-quote\">\r\n<p>La Societ\u00e0 XYZ Aggeggi \u00e8 stata fondata nel 1971 e da allora fornisce al pubblico aggeggi di ottima qualit\u00e0. Situata a Fantasilandia, XYZ impiega oltre 2.000 persone e realizza ogni sorta di aggeggio fantastico per la comunit\u00e0 di Fantasilandia.<\/p>\r\n<\/blockquote>\r\n<!-- \/wp:quote --><!-- wp:paragraph -->\r\n<p>Come nuovo utente di WordPress, dovresti andare nella tua <a href=\"http:\/\/www.tecnoinduzione.com\/wp-admin\/\">Bacheca<\/a> per eliminare questa pagina, e crearne delle nuove per i tuoi contenuti. Divertiti!<\/p>\r\n<!-- \/wp:paragraph -->","_et_gb_content_width":"","_monsterinsights_skip_tracking":false,"_monsterinsights_sitenote_active":false,"_monsterinsights_sitenote_note":"","_monsterinsights_sitenote_category":0,"iawp_total_views":2439,"footnotes":""},"class_list":["post-2","page","type-page","status-publish","hentry"],"_links":{"self":[{"href":"https:\/\/www.tecnoinduzione.com\/it\/wp-json\/wp\/v2\/pages\/2","targetHints":{"allow":["GET"]}}],"collection":[{"href":"https:\/\/www.tecnoinduzione.com\/it\/wp-json\/wp\/v2\/pages"}],"about":[{"href":"https:\/\/www.tecnoinduzione.com\/it\/wp-json\/wp\/v2\/types\/page"}],"author":[{"embeddable":true,"href":"https:\/\/www.tecnoinduzione.com\/it\/wp-json\/wp\/v2\/users\/1"}],"replies":[{"embeddable":true,"href":"https:\/\/www.tecnoinduzione.com\/it\/wp-json\/wp\/v2\/comments?post=2"}],"version-history":[{"count":23,"href":"https:\/\/www.tecnoinduzione.com\/it\/wp-json\/wp\/v2\/pages\/2\/revisions"}],"predecessor-version":[{"id":808,"href":"https:\/\/www.tecnoinduzione.com\/it\/wp-json\/wp\/v2\/pages\/2\/revisions\/808"}],"wp:attachment":[{"href":"https:\/\/www.tecnoinduzione.com\/it\/wp-json\/wp\/v2\/media?parent=2"}],"curies":[{"name":"wp","href":"https:\/\/api.w.org\/{rel}","templated":true}]}}